{"id":1773,"date":"2019-09-23T08:43:35","date_gmt":"2019-09-23T08:43:35","guid":{"rendered":"https:\/\/cloudsurfers.it\/dev?page_id=1773"},"modified":"2020-06-23T20:46:30","modified_gmt":"2020-06-23T20:46:30","slug":"i-nostri-servizi","status":"publish","type":"page","link":"https:\/\/cloudsurfers.it\/index.php\/i-nostri-servizi\/","title":{"rendered":"I nostri servizi"},"content":{"rendered":"<h2 style=\"text-align: center;\"><strong>I NOSTRI SERVIZI<\/strong><\/h2>\n<p>&nbsp;<\/p>\n<h3 style=\"text-align: left;\"><span style=\"color: #00adef;\"><i class=\"fa fa-window-maximize\"><\/i> <\/span><strong>Sviluppo Software<\/strong><\/h3>\n<p><!-- Nav tabs --><\/p>\n<ul id=\"tabs\" class=\"nav nav-pills\" role=\"tablist\">\n<li class=\"nav-item ml-0\" style=\"background: #00adef;\"><a id=\"desktop-tab\" class=\"nav-link btn btn-theme-primary active\" role=\"tab\" href=\"#desktop\" data-toggle=\"tab\" aria-controls=\"desktop\" aria-selected=\"true\">Desktop<\/a><\/li>\n<li class=\"nav-item ml-0\" style=\"background: #00adef;\"><a id=\"profile-tab\" class=\"nav-link btn btn-theme-primary \" role=\"tab\" href=\"#mobile\" data-toggle=\"tab\" aria-controls=\"mobile\" aria-selected=\"false\">Mobile<\/a><\/li>\n<li class=\"nav-item ml-0\" style=\"background: #00adef;\"><a id=\"web-tab\" class=\"nav-link btn btn-theme-primary \" role=\"tab\" href=\"#web\" data-toggle=\"tab\" aria-controls=\"web\" aria-selected=\"false\">Web<\/a><\/li>\n<\/ul>\n<p><!-- Tab panes --><\/p>\n<div class=\"tab-content\">\n<div id=\"desktop\" class=\"tab-pane fade active show pb-3\" role=\"tabpanel\" aria-labelledby=\"desktop-tab\">Realizziamo soluzioni Desktop su misura delle esigenze dei nostri clienti, utilizzando le tecnologie di sviluppo pi\u00f9 recenti.<br \/>\nDalla carta al prodotto finito, sapremo seguirti e consigliarti per realizzare la tua soluzione software chiavi in mano.<\/div>\n<div id=\"mobile\" class=\"tab-pane fade pb-3\" role=\"tabpanel\" aria-labelledby=\"mobile-tab\">Vuoi creare un&#8217;App per piattaforme iOS o Android? Ti aiuteremo nella progettazione, nella realizzazione e nella pubblicazione sugli store.<\/div>\n<div id=\"web\" class=\"tab-pane fade pb-3\" role=\"tabpanel\" aria-labelledby=\"web-tab\">Che sia una pagina Web, un blog, un e-commerce o un portale personalizzato, mettiamo a tua disposizione tutte le nostre conoscenze per ritagliarti il tuo spazio nel mondo del Web. Una soluzione a tutto tondo : dalla registrazione del dominio, ai servizi di hosting, allo sviluppo della tua soluzione, un unico affidabile interlocutore per il tuo business<\/div>\n<hr \/>\n<h3 style=\"text-align: left;\"><span style=\"color: #00adef;\"><i class=\"fa fa-cloud\"><\/i> <\/span><strong>Cloud<\/strong><\/h3>\n<p>Tutti ne parlano, pochi lo applicano per davvero : Cloud Computing \u00e8 ben lontano dall&#8217;essere il semplice paradigma del &#8220;server di altri&#8221;. Possiamo approfondire con te e per te le migliori soluzioni basate su Microsoft Azure, AWS e Google Cloud. Scopri con noi le potenzialit\u00e0 dei servizi gestiti Azure, e del perch\u00e9 a volte una semplice Virtual Machine non \u00e8 la soluzione migliore per il tuo business!<\/p>\n<hr \/>\n<h3 style=\"text-align: left;\"><span style=\"color: #00adef;\"><i class=\"fa fa-window-maximize\"><\/i> <\/span><strong>Audit &amp; Assistenza Sistemistica Server<\/strong><\/h3>\n<\/div>\n<p>Possiamo fornirti una soluzione sistemistica con pacchetti di assistenza dedicati per le aree pi\u00f9 ostiche : Sql Server, virtualizzazione on-Premises su Hyper-V e VMWare , S.O. Windows Server o distribuzioni Linux, per noi non sono uno scoglio, ma fidati compagni di viaggio. I nostri sistemisti qualificati e certificati potranno certamente colpire nel segno e risolvere le problematiche del tuo sistema informativo.<\/p>\n<div class=\"tab-content\">\n<hr \/>\n<h3 style=\"text-align: left;\"><span style=\"color: #00adef;\"><i class=\"fa fa-window-maximize\"><\/i> <\/span><strong>Rivendita Hardware<\/strong><\/h3>\n<p>Vuoi affrontare un progetto datacenter on-Premises ex-novo ? Nessun problema : forti delle nostre partnership con i maggiori brand del settore , possiamo realizzare la tua soluzione chiavi in mano, server configurati \/ migrati e solo in attesa di svolgere i carichi di lavoro propri del tuo business.<\/p>\n<\/div>\n","protected":false},"excerpt":{"rendered":"<p>I NOSTRI SERVIZI &nbsp; Sviluppo Software Desktop Mobile Web Realizziamo soluzioni Desktop su misura delle esigenze dei nostri clienti, utilizzando le tecnologie di sviluppo pi\u00f9 recenti. Dalla carta al prodotto &#8230;<\/p>\n","protected":false},"author":3,"featured_media":0,"parent":0,"menu_order":0,"comment_status":"closed","ping_status":"closed","template":"template-fullwidth.php","meta":{"footnotes":""},"class_list":["post-1773","page","type-page","status-publish","hentry"],"_links":{"self":[{"href":"https:\/\/cloudsurfers.it\/index.php\/wp-json\/wp\/v2\/pages\/1773","targetHints":{"allow":["GET"]}}],"collection":[{"href":"https:\/\/cloudsurfers.it\/index.php\/wp-json\/wp\/v2\/pages"}],"about":[{"href":"https:\/\/cloudsurfers.it\/index.php\/wp-json\/wp\/v2\/types\/page"}],"author":[{"embeddable":true,"href":"https:\/\/cloudsurfers.it\/index.php\/wp-json\/wp\/v2\/users\/3"}],"replies":[{"embeddable":true,"href":"https:\/\/cloudsurfers.it\/index.php\/wp-json\/wp\/v2\/comments?post=1773"}],"version-history":[{"count":0,"href":"https:\/\/cloudsurfers.it\/index.php\/wp-json\/wp\/v2\/pages\/1773\/revisions"}],"wp:attachment":[{"href":"https:\/\/cloudsurfers.it\/index.php\/wp-json\/wp\/v2\/media?parent=1773"}],"curies":[{"name":"wp","href":"https:\/\/api.w.org\/{rel}","templated":true}]}}